{"id":106,"date":"2021-04-28T13:59:27","date_gmt":"2021-04-28T11:59:27","guid":{"rendered":"https:\/\/www.auto-klaus.at\/de\/?page_id=106"},"modified":"2021-04-28T13:59:27","modified_gmt":"2021-04-28T11:59:27","slug":"datenschutz","status":"publish","type":"page","link":"https:\/\/www.auto-klaus.at\/de\/datenschutz\/","title":{"rendered":"Datenschutz"},"content":{"rendered":"<div class=\"fusion-fullwidth fullwidth-box fusion-builder-row-1 fusion-flex-container nonhundred-percent-fullwidth non-hundred-percent-height-scrolling\" style=\"background-color: rgba(255,255,255,0);background-position: center center;background-repeat: no-repeat;border-width: 0px 0px 0px 0px;border-color:#eae9e9;border-style:solid;\" ><div class=\"fusion-builder-row fusion-row fusion-flex-align-items-flex-start\" style=\"max-width:1144px;margin-left: calc(-4% \/ 2 );margin-right: calc(-4% \/ 2 );\"><div class=\"fusion-layout-column fusion_builder_column fusion-builder-column-0 fusion_builder_column_1_1 1_1 fusion-flex-column\"><div class=\"fusion-column-wrapper fusion-flex-justify-content-flex-start fusion-content-layout-column\" style=\"background-position:left top;background-repeat:no-repeat;-webkit-background-size:cover;-moz-background-size:cover;-o-background-size:cover;background-size:cover;padding: 0px 0px 0px 0px;\"><style type=\"text\/css\">@media only screen and (max-width:1024px) {.fusion-title.fusion-title-1{margin-top:0px!important; margin-right:0px!important;margin-bottom:31px!important;margin-left:0px!important;}}@media only screen and (max-width:900px) {.fusion-title.fusion-title-1{margin-top:10px!important; margin-right:0px!important;margin-bottom:10px!important; margin-left:0px!important;}}<\/style><div class=\"fusion-title title fusion-title-1 fusion-sep-none fusion-title-text fusion-title-size-one\" style=\"margin-top:0px;margin-right:0px;margin-bottom:31px;margin-left:0px;\"><h1 class=\"title-heading-left fusion-responsive-typography-calculated\" style=\"margin:0;--fontSize:34;line-height:1.4;\">DATENSCHUTZERKL\u00c4RUNG<\/h1><\/div><div class=\"fusion-text fusion-text-1\"><p>Klaus Lackier und Spengler GmbH, im Folgenden kurz Auto Klaus, mit Sitz in 2111 Tresdorf, Korneuburger Stra\u00dfe 8, nimmt den Schutz Ihrer pers\u00f6nlichen Daten sehr ernst. S\u00e4mtliche Daten werden auf Grundlage der gesetzlichen Bestimmungen (DSGVO, TKG 2003) verarbeitet. In dieser Datenschutzerkl\u00e4rung finden Sie erl\u00e4utert, wie, wozu und wann personenbezogene Daten im Onlineangebot auf www.auto-klaus.at abgefragt werden.<\/p>\n<p><strong>1. Weitergabe personenbezogener Daten an Dritte<br \/>\n<\/strong>1.1. Auto Klaus gibt personenbezogene Daten nur dann weiter, wenn es aus wirtschaftlichen oder rechtlichen Gr\u00fcnden erforderlich ist. Dies erfolgt stets unter Einhaltung gr\u00f6\u00dftm\u00f6glicher Sicherheitsma\u00dfnahmen (verschl\u00fcsselte Daten\u00fcbertragung) und der gesetzlichen Anforderungen. Mit allen Drittanbietern, an die personenbezogene Daten weitergegeben werden, hat Auto Klaus einen entsprechenden Vertrag zur ordnungsgem\u00e4\u00dfen und sicheren Auftragsdatenverarbeitung abgeschlossen, sofern dies nicht ohnehin bereits rechtlich geregelt ist.<\/p>\n<p><strong>2. Kontakt, Logfiles<\/strong><br \/>\n2.1. Wenn Sie per E-Mail Kontakt mit Auto Klaus aufnehmen, werden Ihre angegebenen Daten zur Bearbeitung gespeichert. Diese Daten werden nicht ohne Ihre Einwilligung weitergegeben.<br \/>\n2.2. Auf dem Server werden aufgrund berechtigten Interesses (DSGVO Art. 6) \u00fcber jeden Zugriff sogenannte Serverlogfiles gespeichert. Sie umfassen die URL der aufgerufenen Website, Dateien, Datum und Uhrzeit, Datenmenge, Browsertyp und Version sowie Betriebssystem, die URL zuvor besuchter Seite von der einem Link gefolgt wurde, IP-Adresse und Provider. Diese Daten werden zur Sicherheit vor allf\u00e4lligem Betrug oder Missbrauch gespeichert und danach gel\u00f6scht.<\/p>\n<p><strong>3. Sicherheit<br \/>\n<\/strong>3.1. Auto Klaus sorgt im Onlineangebot f\u00fcr eine verschl\u00fcsselte \u00dcbertragung von Daten und f\u00fcr s\u00e4mtliche technischen Ma\u00dfnahmen, um die Vorschriften der Datenschutzgrundverordnung nach dem jeweils aktuellen Stand der Technik einzuhalten, um alle Daten bestm\u00f6glich zu sch\u00fctzen.<\/p>\n<p><strong>4. Cookies<br \/>\n<\/strong>4.1. Die Website verwendet sogenannte Cookies. Dabei handelt es sich um kleine Textdateien, die mit Hilfe des Browsers auf Ihrem Endger\u00e4t abgelegt werden. Sie richten keinen Schaden an, sondern dienen dazu, das Angebot nutzerfreundlich zu gestalten.<br \/>\n4.2. Einige Cookies bleiben auf Ihrem Endger\u00e4t gespeichert, bis Sie diese l\u00f6schen. Sie erm\u00f6glichen, Ihren Browser beim n\u00e4chsten Besuch wiederzuerkennen. Wenn Sie dies nicht w\u00fcnschen, k\u00f6nnen Sie in den Einstellungen Ihres Browsers das Setzen von Cookies einstellen. Die Deaktivierung von Cookies kann die Funktionalit\u00e4t dieser Website einschr\u00e4nken.<\/p>\n<p><strong>5. Dienste Dritter<\/strong><br \/>\n5.1. Auto Klaus geht mit dem Einsatz von Drittanbietern \u00e4u\u00dferst sorgf\u00e4ltig um. Drittanbieter k\u00f6nnen &#8222;web beacons&#8220; zu statistischen und marketingorientierten Zwecken verwenden, die in Cookies auf dem Nutzerger\u00e4t gespeichert werden und unter anderem technische Informationen zum Browser und Betriebssystem, verweisende Webseiten, Besuchszeit sowie weitere Angaben zur Nutzung unseres Onlineangebotes enthalten, als auch mit solchen Informationen aus anderen Quellen verbunden werden k\u00f6nnen. Siehe auch Punkt 4.<br \/>\n<strong>5.2. Folgende Drittdienste sind im Einsatz:<\/strong><br \/>\n&#8211; Schriften: Zur Optimierung der Website verwendet Auto Klaus externe Schriftarten, sogenannte Google Fonts von Google, Inc.,. Damit diese Schriften im Web eingebunden werden k\u00f6nnen, erfolgt ein Serveraufruf bei Google. Google unterliegt dem Privacy Shield (<a href=\"http:\/\/www.privacyshield.gov\" target=\"_blank\" rel=\"noopener noreferrer\">www.privacyshield.gov<\/a>).<br \/>\n&#8211; jQuery: Einige Funktionen erfordern den Einsatz von JavaScript, der von jQuery Foundation, <a href=\"https:\/\/jquery.org\" target=\"_blank\" rel=\"noopener noreferrer\">https:\/\/jquery.org<\/a>. zur Verf\u00fcgung gestellt wird.<\/p>\n<p><strong>6. Rechte der Nutzer<br \/>\n<\/strong>6.1. Jedem Nutzer steht das Recht auf kostenlose Auskunft, Berichtigung, L\u00f6schung, Einschr\u00e4nkung, Daten\u00fcbertragbarkeit, Widerruf und Widerspruch zu.<br \/>\n6.2. Nutzer k\u00f6nnen ihre Einwilligung zur Verarbeitung von personenbezogenen Daten jederzeit widerrufen bzw. auch der k\u00fcnftigen Verarbeitung personenbezogener Daten \u2013 entsprechend den gesetzlichen Bestimmungen \u2013 widersprechen. Dies gilt besonders f\u00fcr Werbezwecke.<br \/>\n6.3. Im Falle einer unrechtm\u00e4\u00dfigen Verwendung oder Verarbeitung von Daten hat der Nutzer das Recht, bei der Datenschutzbeh\u00f6rde Beschwerde einzureichen.<br \/>\n6.4. F\u00fcr den Fall, dass wir Ihre Daten zur Wahrnehmung von im \u00f6ffentlichen Interesse liegenden Aufgaben verwenden oder wir uns bei der Verarbeitung auf die Notwendigkeit zur Wahrung unserer berechtigten Interessen berufen, so k\u00f6nnen Sie gegen die Datenverarbeitung Widerspruch erheben, sofern Sie ein \u00fcberwiegendes Schutzinteresse an Ihren Daten haben.<br \/>\n6.5. Falls Sie eines der genannten Rechte uns gegen\u00fcber geltend machen wollen, so nutzen Sie daf\u00fcr bitte die im Punkt 9 genannten Kontaktm\u00f6glichkeiten. Bitte haben Sie Verst\u00e4ndnis daf\u00fcr, dass wir diesfalls zur Best\u00e4tigung ihrer Identit\u00e4t gegebenenfalls zus\u00e4tzliche Informationen von Ihnen anfordern werden.<\/p>\n<p><strong>7. Aufbewahrung und L\u00f6schung<\/strong><br \/>\n7.1. Auto Klaus speichert personenbezogene Daten zur Beantwortung Ihrer per E-Mail erhaltenen Nachrichten. Nach Ablauf der rechtlichen Fristen werden gespeicherte Daten gel\u00f6scht. Daten, die nur der rechtlichen Aufbewahrungsfrist unterliegen, werden den gesetzlichen Anforderungen entsprechend sicher verwahrt.<\/p>\n<p><strong>8. \u00c4nderungen<\/strong><br \/>\n8.1. Auto Klaus beh\u00e4lt sich vor, die vorliegende Datenschutzerkl\u00e4rung jederzeit an ge\u00e4nderte Voraussetzungen, Dienste und Rechtslagen anzupassen. Es gilt die jeweils aktuell auf www.auto-klaus.at ver\u00f6ffentlichte Fassung der Datenschutzerkl\u00e4rung.<\/p>\n<p><strong>9. Verantwortlicher<br \/>\n<\/strong>Klaus Lackier und Spengler GmbH, 2111 Tresdorf, Korneuburger Stra\u00dfe 8 ist Verantwortlicher f\u00fcr die Verarbeitung Ihrer personenbezogenen Daten.<br \/>\nSie k\u00f6nnen uns wie folgt erreichen:<br \/>\nSchriftlich: Klaus Lackier und Spengler GmbH, 2111 Tresdorf, Korneuburger Stra\u00dfe 8<br \/>\nTelefonisch: +43 (0) 2264 20155<br \/>\nE-Mail: <a href=\"mailto:klausgmbh@a1.net\">klausgmbh@a1.net<\/a><\/p>\n<p>Tresdorf, im April 2021<\/p>\n<\/div><\/div><style type=\"text\/css\">.fusion-body .fusion-builder-column-0{width:100% !important;margin-top : 0px;margin-bottom : 0px;}.fusion-builder-column-0 > .fusion-column-wrapper {padding-top : 0px !important;padding-right : 0px !important;margin-right : 1.92%;padding-bottom : 0px !important;padding-left : 0px !important;margin-left : 1.92%;}@media only screen and (max-width:1024px) {.fusion-body .fusion-builder-column-0{width:100% !important;}.fusion-builder-column-0 > .fusion-column-wrapper {margin-right : 1.92%;margin-left : 1.92%;}}@media only screen and (max-width:900px) {.fusion-body .fusion-builder-column-0{width:100% !important;}.fusion-builder-column-0 > .fusion-column-wrapper {margin-right : 1.92%;margin-left : 1.92%;}}<\/style><\/div><\/div><style type=\"text\/css\">.fusion-body .fusion-flex-container.fusion-builder-row-1{ padding-top : 0px;margin-top : 0px;padding-right : 0px;padding-bottom : 0px;margin-bottom : 0px;padding-left : 0px;}<\/style><\/div>\n","protected":false},"excerpt":{"rendered":"","protected":false},"author":1,"featured_media":0,"parent":0,"menu_order":0,"comment_status":"closed","ping_status":"closed","template":"","meta":[],"_links":{"self":[{"href":"https:\/\/www.auto-klaus.at\/de\/wp-json\/wp\/v2\/pages\/106"}],"collection":[{"href":"https:\/\/www.auto-klaus.at\/de\/wp-json\/wp\/v2\/pages"}],"about":[{"href":"https:\/\/www.auto-klaus.at\/de\/wp-json\/wp\/v2\/types\/page"}],"author":[{"embeddable":true,"href":"https:\/\/www.auto-klaus.at\/de\/wp-json\/wp\/v2\/users\/1"}],"replies":[{"embeddable":true,"href":"https:\/\/www.auto-klaus.at\/de\/wp-json\/wp\/v2\/comments?post=106"}],"version-history":[{"count":4,"href":"https:\/\/www.auto-klaus.at\/de\/wp-json\/wp\/v2\/pages\/106\/revisions"}],"predecessor-version":[{"id":110,"href":"https:\/\/www.auto-klaus.at\/de\/wp-json\/wp\/v2\/pages\/106\/revisions\/110"}],"wp:attachment":[{"href":"https:\/\/www.auto-klaus.at\/de\/wp-json\/wp\/v2\/media?parent=106"}],"curies":[{"name":"wp","href":"https:\/\/api.w.org\/{rel}","templated":true}]}}